{"id":31,"date":"2015-11-26T21:15:46","date_gmt":"2015-11-26T20:15:46","guid":{"rendered":"http:\/\/autate.fr\/site\/?page_id=31"},"modified":"2025-11-11T18:18:44","modified_gmt":"2025-11-11T17:18:44","slug":"nous-rejoindre","status":"publish","type":"page","link":"https:\/\/autate.fr\/site\/nous-rejoindre\/","title":{"rendered":"Nous rejoindre"},"content":{"rendered":"<p>Que vous soyez un particulier, une association ou une organisation, vous pouvez facilement renforcer la repr\u00e9sentativit\u00e9 de l&rsquo;AUTATE (Association des usag\u00e8res\/usagers des transports de l&rsquo;agglom\u00e9ration toulousaine et de ses environs.)<\/p>\n<p>Pour nous joindre :<\/p>\n<ul>\n<li>Mail : contact@autate.fr<\/li>\n<li>T\u00e9l\u00e9phone : 0 767 877 342<\/li>\n<\/ul>\n<p>L&rsquo; AUTATE est affili\u00e9e \u00e0 la <strong><a href=\"http:\/\/www.FNAUT.org\" target=\"_blank\" rel=\"noopener noreferrer\">F\u00e9d\u00e9ration Nationale des Associations d\u2019Usagers des Transports (FNAUT)<\/a><\/strong><\/p>\n<p><em>Votre\u00a0adh\u00e9sion vous permettra de participer \u00e0 la vie de l&rsquo;AUTATE, aux r\u00e9unions de l&rsquo;association, de conduire des actions sp\u00e9cifiques (cr\u00e9ation d&rsquo;antennes, distribution d&rsquo;affichettes, relation avec les associations, \u00e9laboration de sondages, etc.), d&rsquo;\u00eatre inform\u00e9 de l&rsquo;\u00e9tat et de l&rsquo;\u00e9volution des transports \u00e0 Toulouse et de participer au d\u00e9bat public et enqu\u00eates publiques sur le sujet aupr\u00e8s des organismes professionnels comp\u00e9tents.<\/em><\/p>\n<p>Nos actions sont d\u00e9crites dans<a href=\"https:\/\/autate.fr\/site\/flyer-de-presentation-de-lassociation\/\" target=\"_blank\" rel=\"noopener\"> ce flyer.<\/a><\/p>\n<p><strong>Les membres du bureau<\/strong> :<\/p>\n<p>co-pr\u00e9sidence : Agn\u00e8s D\u00e9fosse et Nicole Asencio<br \/>\ntr\u00e9sorerie : Pascal Barbier<\/p>\n<p><strong>Adh\u00e9sion par courrier : <\/strong><a href=\"https:\/\/drive.google.com\/file\/d\/1ZWH-UwPv8aMjYPFEAFSlIU--g1HnZjSW\/view?usp=sharing\" target=\"_blank\" rel=\"noopener\">Bulletin d&rsquo;adh\u00e9sion<\/a> \u00e0 remplir et \u00e0 nous faire parvenir avec le r\u00e8glement de la cotisation (10\u20ac minimum adh\u00e9sion de base , 5\u20ac \u00e9tudiants\/ch\u00f4meurs, 30\u20ac associations et collectifs) par ch\u00e8que \u00e0 l&rsquo;ordre de l&rsquo;AUTATE , \u00e0 l&rsquo;adresse suivante : AUTATE, Maison des Associations, Place de la Mairie, 31170 TOURNEFEUILLE.<\/p>\n<p><span style=\"color: #ff0000;\"><strong>Adh\u00e9sion en ligne, la solution id\u00e9ale !<br \/>\n<\/strong><\/span><\/p>\n<p>Il suffit de remplir le formulaire ci-dessous pour le paiement en ligne.<\/p>\n<p>A noter : le pourboire d&rsquo;HelloAsso est facultatif.<br \/>\n<iframe id=\"haWidget\" style=\"width: 100%; height: 750px; border: none;\" src=\"https:\/\/www.helloasso.com\/associations\/autate\/adhesions\/adhesion\/widget\" scrolling=\"auto\"><\/iframe><\/p>\n","protected":false},"excerpt":{"rendered":"<p>Que vous soyez un particulier, une association ou une organisation, vous pouvez facilement renforcer la repr\u00e9sentativit\u00e9 de l&rsquo;AUTATE (Association des usag\u00e8res\/usagers des transports de l&rsquo;agglom\u00e9ration toulousaine et de ses environs.) Pour nous joindre : Mail : contact@autate.fr T\u00e9l\u00e9phone : 0 767 877 342 L&rsquo; AUTATE est affili\u00e9e \u00e0 la F\u00e9d\u00e9ration Nationale des Associations d\u2019Usagers des<\/p>\n<p class=\"more-link\"><a href=\"https:\/\/autate.fr\/site\/nous-rejoindre\/\" class=\"themebutton2\">VOIR PLUS<\/a><\/p>\n","protected":false},"author":1,"featured_media":0,"parent":0,"menu_order":0,"comment_status":"closed","ping_status":"closed","template":"","meta":{"footnotes":""},"class_list":["post-31","page","type-page","status-publish","hentry"],"yoast_head":"<!-- This site is optimized with the Yoast SEO plugin v27.4 - https:\/\/yoast.com\/product\/yoast-seo-wordpress\/ -->\n<title>Nous rejoindre - AUTATE<\/title>\n<meta name=\"robots\" content=\"index, follow, max-snippet:-1, max-image-preview:large, max-video-preview:-1\" \/>\n<link rel=\"canonical\" href=\"https:\/\/autate.fr\/site\/nous-rejoindre\/\" \/>\n<meta property=\"og:locale\" content=\"fr_FR\" \/>\n<meta property=\"og:type\" content=\"article\" \/>\n<meta property=\"og:title\" content=\"Nous rejoindre - AUTATE\" \/>\n<meta property=\"og:description\" content=\"Que vous soyez un particulier, une association ou une organisation, vous pouvez facilement renforcer la repr\u00e9sentativit\u00e9 de l&rsquo;AUTATE (Association des usag\u00e8res\/usagers des transports de l&rsquo;agglom\u00e9ration toulousaine et de ses environs.) Pour nous joindre : Mail : contact@autate.fr T\u00e9l\u00e9phone : 0 767 877 342 L&rsquo; AUTATE est affili\u00e9e \u00e0 la F\u00e9d\u00e9ration Nationale des Associations d\u2019Usagers desVOIR PLUS\" \/>\n<meta property=\"og:url\" content=\"https:\/\/autate.fr\/site\/nous-rejoindre\/\" \/>\n<meta property=\"og:site_name\" content=\"AUTATE\" \/>\n<meta property=\"article:publisher\" content=\"https:\/\/www.facebook.com\/AutateToulouse\" \/>\n<meta property=\"article:modified_time\" content=\"2025-11-11T17:18:44+00:00\" \/>\n<meta name=\"twitter:card\" content=\"summary_large_image\" \/>\n<meta name=\"twitter:site\" content=\"@AutateToulouse\" \/>\n<meta name=\"twitter:label1\" content=\"Dur\u00e9e de lecture estim\u00e9e\" \/>\n\t<meta name=\"twitter:data1\" content=\"2 minutes\" \/>\n<script type=\"application\/ld+json\" class=\"yoast-schema-graph\">{\"@context\":\"https:\\\/\\\/schema.org\",\"@graph\":[{\"@type\":\"WebPage\",\"@id\":\"https:\\\/\\\/autate.fr\\\/site\\\/nous-rejoindre\\\/\",\"url\":\"https:\\\/\\\/autate.fr\\\/site\\\/nous-rejoindre\\\/\",\"name\":\"Nous rejoindre - AUTATE\",\"isPartOf\":{\"@id\":\"https:\\\/\\\/autate.fr\\\/site\\\/#website\"},\"datePublished\":\"2015-11-26T20:15:46+00:00\",\"dateModified\":\"2025-11-11T17:18:44+00:00\",\"breadcrumb\":{\"@id\":\"https:\\\/\\\/autate.fr\\\/site\\\/nous-rejoindre\\\/#breadcrumb\"},\"inLanguage\":\"fr-FR\",\"potentialAction\":[{\"@type\":\"ReadAction\",\"target\":[\"https:\\\/\\\/autate.fr\\\/site\\\/nous-rejoindre\\\/\"]}]},{\"@type\":\"BreadcrumbList\",\"@id\":\"https:\\\/\\\/autate.fr\\\/site\\\/nous-rejoindre\\\/#breadcrumb\",\"itemListElement\":[{\"@type\":\"ListItem\",\"position\":1,\"name\":\"Accueil\",\"item\":\"https:\\\/\\\/autate.fr\\\/site\\\/\"},{\"@type\":\"ListItem\",\"position\":2,\"name\":\"Nous rejoindre\"}]},{\"@type\":\"WebSite\",\"@id\":\"https:\\\/\\\/autate.fr\\\/site\\\/#website\",\"url\":\"https:\\\/\\\/autate.fr\\\/site\\\/\",\"name\":\"AUTATE\",\"description\":\"Association des usagers des transports de l&#039;agglom\u00e9ration Toulousaine et de ses environs\",\"publisher\":{\"@id\":\"https:\\\/\\\/autate.fr\\\/site\\\/#organization\"},\"potentialAction\":[{\"@type\":\"SearchAction\",\"target\":{\"@type\":\"EntryPoint\",\"urlTemplate\":\"https:\\\/\\\/autate.fr\\\/site\\\/?s={search_term_string}\"},\"query-input\":{\"@type\":\"PropertyValueSpecification\",\"valueRequired\":true,\"valueName\":\"search_term_string\"}}],\"inLanguage\":\"fr-FR\"},{\"@type\":\"Organization\",\"@id\":\"https:\\\/\\\/autate.fr\\\/site\\\/#organization\",\"name\":\"AUTATE\",\"url\":\"https:\\\/\\\/autate.fr\\\/site\\\/\",\"logo\":{\"@type\":\"ImageObject\",\"inLanguage\":\"fr-FR\",\"@id\":\"https:\\\/\\\/autate.fr\\\/site\\\/#\\\/schema\\\/logo\\\/image\\\/\",\"url\":\"http:\\\/\\\/autate.fr\\\/site\\\/wp-content\\\/uploads\\\/2019\\\/01\\\/logo.png\",\"contentUrl\":\"http:\\\/\\\/autate.fr\\\/site\\\/wp-content\\\/uploads\\\/2019\\\/01\\\/logo.png\",\"width\":506,\"height\":280,\"caption\":\"AUTATE\"},\"image\":{\"@id\":\"https:\\\/\\\/autate.fr\\\/site\\\/#\\\/schema\\\/logo\\\/image\\\/\"},\"sameAs\":[\"https:\\\/\\\/www.facebook.com\\\/AutateToulouse\",\"https:\\\/\\\/x.com\\\/AutateToulouse\"]}]}<\/script>\n<!-- \/ Yoast SEO plugin. -->","yoast_head_json":{"title":"Nous rejoindre - AUTATE","robots":{"index":"index","follow":"follow","max-snippet":"max-snippet:-1","max-image-preview":"max-image-preview:large","max-video-preview":"max-video-preview:-1"},"canonical":"https:\/\/autate.fr\/site\/nous-rejoindre\/","og_locale":"fr_FR","og_type":"article","og_title":"Nous rejoindre - AUTATE","og_description":"Que vous soyez un particulier, une association ou une organisation, vous pouvez facilement renforcer la repr\u00e9sentativit\u00e9 de l&rsquo;AUTATE (Association des usag\u00e8res\/usagers des transports de l&rsquo;agglom\u00e9ration toulousaine et de ses environs.) Pour nous joindre : Mail : contact@autate.fr T\u00e9l\u00e9phone : 0 767 877 342 L&rsquo; AUTATE est affili\u00e9e \u00e0 la F\u00e9d\u00e9ration Nationale des Associations d\u2019Usagers desVOIR PLUS","og_url":"https:\/\/autate.fr\/site\/nous-rejoindre\/","og_site_name":"AUTATE","article_publisher":"https:\/\/www.facebook.com\/AutateToulouse","article_modified_time":"2025-11-11T17:18:44+00:00","twitter_card":"summary_large_image","twitter_site":"@AutateToulouse","twitter_misc":{"Dur\u00e9e de lecture estim\u00e9e":"2 minutes"},"schema":{"@context":"https:\/\/schema.org","@graph":[{"@type":"WebPage","@id":"https:\/\/autate.fr\/site\/nous-rejoindre\/","url":"https:\/\/autate.fr\/site\/nous-rejoindre\/","name":"Nous rejoindre - AUTATE","isPartOf":{"@id":"https:\/\/autate.fr\/site\/#website"},"datePublished":"2015-11-26T20:15:46+00:00","dateModified":"2025-11-11T17:18:44+00:00","breadcrumb":{"@id":"https:\/\/autate.fr\/site\/nous-rejoindre\/#breadcrumb"},"inLanguage":"fr-FR","potentialAction":[{"@type":"ReadAction","target":["https:\/\/autate.fr\/site\/nous-rejoindre\/"]}]},{"@type":"BreadcrumbList","@id":"https:\/\/autate.fr\/site\/nous-rejoindre\/#breadcrumb","itemListElement":[{"@type":"ListItem","position":1,"name":"Accueil","item":"https:\/\/autate.fr\/site\/"},{"@type":"ListItem","position":2,"name":"Nous rejoindre"}]},{"@type":"WebSite","@id":"https:\/\/autate.fr\/site\/#website","url":"https:\/\/autate.fr\/site\/","name":"AUTATE","description":"Association des usagers des transports de l&#039;agglom\u00e9ration Toulousaine et de ses environs","publisher":{"@id":"https:\/\/autate.fr\/site\/#organization"},"potentialAction":[{"@type":"SearchAction","target":{"@type":"EntryPoint","urlTemplate":"https:\/\/autate.fr\/site\/?s={search_term_string}"},"query-input":{"@type":"PropertyValueSpecification","valueRequired":true,"valueName":"search_term_string"}}],"inLanguage":"fr-FR"},{"@type":"Organization","@id":"https:\/\/autate.fr\/site\/#organization","name":"AUTATE","url":"https:\/\/autate.fr\/site\/","logo":{"@type":"ImageObject","inLanguage":"fr-FR","@id":"https:\/\/autate.fr\/site\/#\/schema\/logo\/image\/","url":"http:\/\/autate.fr\/site\/wp-content\/uploads\/2019\/01\/logo.png","contentUrl":"http:\/\/autate.fr\/site\/wp-content\/uploads\/2019\/01\/logo.png","width":506,"height":280,"caption":"AUTATE"},"image":{"@id":"https:\/\/autate.fr\/site\/#\/schema\/logo\/image\/"},"sameAs":["https:\/\/www.facebook.com\/AutateToulouse","https:\/\/x.com\/AutateToulouse"]}]}},"_links":{"self":[{"href":"https:\/\/autate.fr\/site\/wp-json\/wp\/v2\/pages\/31","targetHints":{"allow":["GET"]}}],"collection":[{"href":"https:\/\/autate.fr\/site\/wp-json\/wp\/v2\/pages"}],"about":[{"href":"https:\/\/autate.fr\/site\/wp-json\/wp\/v2\/types\/page"}],"author":[{"embeddable":true,"href":"https:\/\/autate.fr\/site\/wp-json\/wp\/v2\/users\/1"}],"replies":[{"embeddable":true,"href":"https:\/\/autate.fr\/site\/wp-json\/wp\/v2\/comments?post=31"}],"version-history":[{"count":37,"href":"https:\/\/autate.fr\/site\/wp-json\/wp\/v2\/pages\/31\/revisions"}],"predecessor-version":[{"id":4668,"href":"https:\/\/autate.fr\/site\/wp-json\/wp\/v2\/pages\/31\/revisions\/4668"}],"wp:attachment":[{"href":"https:\/\/autate.fr\/site\/wp-json\/wp\/v2\/media?parent=31"}],"curies":[{"name":"wp","href":"https:\/\/api.w.org\/{rel}","templated":true}]}}