{"id":181,"date":"2016-01-19T14:51:34","date_gmt":"2016-01-19T13:51:34","guid":{"rendered":"http:\/\/autate.fr\/site\/?page_id=181"},"modified":"2021-05-08T16:13:05","modified_gmt":"2021-05-08T14:13:05","slug":"quelques-liens-utiles","status":"publish","type":"page","link":"https:\/\/autate.fr\/site\/quelques-liens-utiles\/","title":{"rendered":"Liens utiles"},"content":{"rendered":"<p>Nos pages <a href=\"https:\/\/www.facebook.com\/autateToulouse\" target=\"_blank\" rel=\"noopener noreferrer\">Facebook<\/a>\u00a0et\u00a0<a href=\"https:\/\/twitter.com\/AUTATE_officiel\" target=\"_blank\" rel=\"noopener noreferrer\">Twitter<\/a><\/p>\n<p>Les Calculateurs d&rsquo;itin\u00e9raire :<\/p>\n<ul>\n<li>Tiss\u00e9o :\u00a0<a href=\"https:\/\/www.tisseo.fr\/calculateur\/\" target=\"_blank\" rel=\"noopener noreferrer\">calculateur d&rsquo;itin\u00e9raire Tiss\u00e9o<\/a><\/li>\n<li>M\u00e9tropole :\u00a0\u00a0<a href=\"https:\/\/www.tisseo.fr\/calculateur-multimodal\/\" target=\"_blank\" rel=\"noopener noreferrer\">calculateur d&rsquo;itin\u00e9raire multimodal Metropole<\/a><\/li>\n<li>D\u00e9partement : <a href=\"https:\/\/www.haute-garonne.fr\/proximite\/au-quotidien\/calculateur-ditineraire\" target=\"_blank\" rel=\"noopener noreferrer\">conseil d\u00e9partemental<\/a><\/li>\n<li>R\u00e9gion : <a href=\"https:\/\/www.mestrajets.lio.laregion.fr\/\">rechercher un itin\u00e9raire<\/a><\/li>\n<\/ul>\n<p>Autres associations sur les mobilit\u00e9s :<\/p>\n<ul>\n<li>La <a href=\"http:\/\/www.FNAUT.org\" target=\"_blank\" rel=\"noopener noreferrer\">F\u00e9d\u00e9ration Nationale des Associations d&rsquo;Usagers des Transports (FNAUT)<\/a><\/li>\n<li>L&rsquo;association <a href=\"http:\/\/www.2p2r.org\/\" target=\"_blank\" rel=\"noopener noreferrer\">2 pieds 2 roues<\/a><\/li>\n<li>L&rsquo;association <a href=\"http:\/\/velorutiontoulouse.free.fr\" target=\"_blank\" rel=\"noopener noreferrer\">V\u00e9lorution Toulouse<\/a><\/li>\n<li>L&rsquo;association <a href=\"https:\/\/rallumonsletoile.fr\/\" target=\"_blank\" rel=\"noopener noreferrer\">Rallumons l&rsquo;\u00e9toile<\/a><\/li>\n<li><a href=\"https:\/\/www.fne-midipyrenees.fr\">France Nature Environnement<\/a><\/li>\n<\/ul>\n<p>Le site et forum <a href=\"http:\/\/www.midimobilites.fr\" target=\"_blank\" rel=\"noopener noreferrer\">MidiMobilit\u00e9s<\/a> (passionn\u00e9s des transports de Toulouse et du sud-ouest)<\/p>\n<p><a href=\"http:\/\/www.mieuxbouger.fr\/\" target=\"_blank\" rel=\"noopener noreferrer\">Mieux Bouger, le site des mobilit\u00e9s<\/a> (projets du SMTC Tiss\u00e9o, PDU)<\/p>\n<p>La <a href=\"http:\/\/www.toulouse-metropole.fr\/missions\/deplacements\" target=\"_blank\" rel=\"noopener noreferrer\">rubrique <em>D\u00e9placements<\/em><\/a> du site de Toulouse M\u00e9tropole<\/p>\n<p>La <a href=\"http:\/\/www.toulouse.fr\/web\/transports-mobilite\" target=\"_blank\" rel=\"noopener noreferrer\">rubrique <em>Transports-Mobilit\u00e9<\/em><\/a> du site de la ville de Toulouse<\/p>\n<p>Le <a href=\"http:\/\/citiz.coop\" target=\"_blank\" rel=\"noopener noreferrer\">r\u00e9seau Citiz<\/a> (autopartage)<\/p>\n<p><a href=\"https:\/\/www.drivy.com\/location-voiture\/toulouse\" target=\"_blank\" rel=\"noopener noreferrer\">DRIVY<\/a> : le concept de location de voiture entre particulier.<\/p>\n<p>La r\u00e9gion Occitanie : <a href=\"https:\/\/lio.laregion.fr\/Aides-mobilite\">la page d&rsquo;occitanie transports<\/a><\/p>\n\n","protected":false},"excerpt":{"rendered":"<p>Nos pages Facebook\u00a0et\u00a0Twitter Les Calculateurs d&rsquo;itin\u00e9raire : Tiss\u00e9o :\u00a0calculateur d&rsquo;itin\u00e9raire Tiss\u00e9o M\u00e9tropole :\u00a0\u00a0calculateur d&rsquo;itin\u00e9raire multimodal Metropole D\u00e9partement : conseil d\u00e9partemental R\u00e9gion : rechercher un itin\u00e9raire Autres associations sur les mobilit\u00e9s : La F\u00e9d\u00e9ration Nationale des Associations d&rsquo;Usagers des Transports (FNAUT) L&rsquo;association 2 pieds 2 roues L&rsquo;association V\u00e9lorution Toulouse L&rsquo;association Rallumons l&rsquo;\u00e9toile France Nature Environnement Le<\/p>\n<p class=\"more-link\"><a href=\"https:\/\/autate.fr\/site\/quelques-liens-utiles\/\" class=\"themebutton2\">VOIR PLUS<\/a><\/p>\n","protected":false},"author":1,"featured_media":0,"parent":0,"menu_order":0,"comment_status":"closed","ping_status":"closed","template":"","meta":{"footnotes":""},"class_list":["post-181","page","type-page","status-publish","hentry"],"yoast_head":"<!-- This site is optimized with the Yoast SEO plugin v27.4 - https:\/\/yoast.com\/product\/yoast-seo-wordpress\/ -->\n<title>Liens utiles - AUTATE<\/title>\n<meta name=\"robots\" content=\"index, follow, max-snippet:-1, max-image-preview:large, max-video-preview:-1\" \/>\n<link rel=\"canonical\" href=\"https:\/\/autate.fr\/site\/quelques-liens-utiles\/\" \/>\n<meta property=\"og:locale\" content=\"fr_FR\" \/>\n<meta property=\"og:type\" content=\"article\" \/>\n<meta property=\"og:title\" content=\"Liens utiles - AUTATE\" \/>\n<meta property=\"og:description\" content=\"Nos pages Facebook\u00a0et\u00a0Twitter Les Calculateurs d&rsquo;itin\u00e9raire : Tiss\u00e9o :\u00a0calculateur d&rsquo;itin\u00e9raire Tiss\u00e9o M\u00e9tropole :\u00a0\u00a0calculateur d&rsquo;itin\u00e9raire multimodal Metropole D\u00e9partement : conseil d\u00e9partemental R\u00e9gion : rechercher un itin\u00e9raire Autres associations sur les mobilit\u00e9s : La F\u00e9d\u00e9ration Nationale des Associations d&rsquo;Usagers des Transports (FNAUT) L&rsquo;association 2 pieds 2 roues L&rsquo;association V\u00e9lorution Toulouse L&rsquo;association Rallumons l&rsquo;\u00e9toile France Nature Environnement LeVOIR PLUS\" \/>\n<meta property=\"og:url\" content=\"https:\/\/autate.fr\/site\/quelques-liens-utiles\/\" \/>\n<meta property=\"og:site_name\" content=\"AUTATE\" \/>\n<meta property=\"article:publisher\" content=\"https:\/\/www.facebook.com\/AutateToulouse\" \/>\n<meta property=\"article:modified_time\" content=\"2021-05-08T14:13:05+00:00\" \/>\n<meta name=\"twitter:card\" content=\"summary_large_image\" \/>\n<meta name=\"twitter:site\" content=\"@AutateToulouse\" \/>\n<meta name=\"twitter:label1\" content=\"Dur\u00e9e de lecture estim\u00e9e\" \/>\n\t<meta name=\"twitter:data1\" content=\"1 minute\" \/>\n<script type=\"application\/ld+json\" class=\"yoast-schema-graph\">{\"@context\":\"https:\\\/\\\/schema.org\",\"@graph\":[{\"@type\":\"WebPage\",\"@id\":\"https:\\\/\\\/autate.fr\\\/site\\\/quelques-liens-utiles\\\/\",\"url\":\"https:\\\/\\\/autate.fr\\\/site\\\/quelques-liens-utiles\\\/\",\"name\":\"Liens utiles - AUTATE\",\"isPartOf\":{\"@id\":\"https:\\\/\\\/autate.fr\\\/site\\\/#website\"},\"datePublished\":\"2016-01-19T13:51:34+00:00\",\"dateModified\":\"2021-05-08T14:13:05+00:00\",\"breadcrumb\":{\"@id\":\"https:\\\/\\\/autate.fr\\\/site\\\/quelques-liens-utiles\\\/#breadcrumb\"},\"inLanguage\":\"fr-FR\",\"potentialAction\":[{\"@type\":\"ReadAction\",\"target\":[\"https:\\\/\\\/autate.fr\\\/site\\\/quelques-liens-utiles\\\/\"]}]},{\"@type\":\"BreadcrumbList\",\"@id\":\"https:\\\/\\\/autate.fr\\\/site\\\/quelques-liens-utiles\\\/#breadcrumb\",\"itemListElement\":[{\"@type\":\"ListItem\",\"position\":1,\"name\":\"Accueil\",\"item\":\"https:\\\/\\\/autate.fr\\\/site\\\/\"},{\"@type\":\"ListItem\",\"position\":2,\"name\":\"Liens utiles\"}]},{\"@type\":\"WebSite\",\"@id\":\"https:\\\/\\\/autate.fr\\\/site\\\/#website\",\"url\":\"https:\\\/\\\/autate.fr\\\/site\\\/\",\"name\":\"AUTATE\",\"description\":\"Association des usagers des transports de l&#039;agglom\u00e9ration Toulousaine et de ses environs\",\"publisher\":{\"@id\":\"https:\\\/\\\/autate.fr\\\/site\\\/#organization\"},\"potentialAction\":[{\"@type\":\"SearchAction\",\"target\":{\"@type\":\"EntryPoint\",\"urlTemplate\":\"https:\\\/\\\/autate.fr\\\/site\\\/?s={search_term_string}\"},\"query-input\":{\"@type\":\"PropertyValueSpecification\",\"valueRequired\":true,\"valueName\":\"search_term_string\"}}],\"inLanguage\":\"fr-FR\"},{\"@type\":\"Organization\",\"@id\":\"https:\\\/\\\/autate.fr\\\/site\\\/#organization\",\"name\":\"AUTATE\",\"url\":\"https:\\\/\\\/autate.fr\\\/site\\\/\",\"logo\":{\"@type\":\"ImageObject\",\"inLanguage\":\"fr-FR\",\"@id\":\"https:\\\/\\\/autate.fr\\\/site\\\/#\\\/schema\\\/logo\\\/image\\\/\",\"url\":\"http:\\\/\\\/autate.fr\\\/site\\\/wp-content\\\/uploads\\\/2019\\\/01\\\/logo.png\",\"contentUrl\":\"http:\\\/\\\/autate.fr\\\/site\\\/wp-content\\\/uploads\\\/2019\\\/01\\\/logo.png\",\"width\":506,\"height\":280,\"caption\":\"AUTATE\"},\"image\":{\"@id\":\"https:\\\/\\\/autate.fr\\\/site\\\/#\\\/schema\\\/logo\\\/image\\\/\"},\"sameAs\":[\"https:\\\/\\\/www.facebook.com\\\/AutateToulouse\",\"https:\\\/\\\/x.com\\\/AutateToulouse\"]}]}<\/script>\n<!-- \/ Yoast SEO plugin. -->","yoast_head_json":{"title":"Liens utiles - AUTATE","robots":{"index":"index","follow":"follow","max-snippet":"max-snippet:-1","max-image-preview":"max-image-preview:large","max-video-preview":"max-video-preview:-1"},"canonical":"https:\/\/autate.fr\/site\/quelques-liens-utiles\/","og_locale":"fr_FR","og_type":"article","og_title":"Liens utiles - AUTATE","og_description":"Nos pages Facebook\u00a0et\u00a0Twitter Les Calculateurs d&rsquo;itin\u00e9raire : Tiss\u00e9o :\u00a0calculateur d&rsquo;itin\u00e9raire Tiss\u00e9o M\u00e9tropole :\u00a0\u00a0calculateur d&rsquo;itin\u00e9raire multimodal Metropole D\u00e9partement : conseil d\u00e9partemental R\u00e9gion : rechercher un itin\u00e9raire Autres associations sur les mobilit\u00e9s : La F\u00e9d\u00e9ration Nationale des Associations d&rsquo;Usagers des Transports (FNAUT) L&rsquo;association 2 pieds 2 roues L&rsquo;association V\u00e9lorution Toulouse L&rsquo;association Rallumons l&rsquo;\u00e9toile France Nature Environnement LeVOIR PLUS","og_url":"https:\/\/autate.fr\/site\/quelques-liens-utiles\/","og_site_name":"AUTATE","article_publisher":"https:\/\/www.facebook.com\/AutateToulouse","article_modified_time":"2021-05-08T14:13:05+00:00","twitter_card":"summary_large_image","twitter_site":"@AutateToulouse","twitter_misc":{"Dur\u00e9e de lecture estim\u00e9e":"1 minute"},"schema":{"@context":"https:\/\/schema.org","@graph":[{"@type":"WebPage","@id":"https:\/\/autate.fr\/site\/quelques-liens-utiles\/","url":"https:\/\/autate.fr\/site\/quelques-liens-utiles\/","name":"Liens utiles - AUTATE","isPartOf":{"@id":"https:\/\/autate.fr\/site\/#website"},"datePublished":"2016-01-19T13:51:34+00:00","dateModified":"2021-05-08T14:13:05+00:00","breadcrumb":{"@id":"https:\/\/autate.fr\/site\/quelques-liens-utiles\/#breadcrumb"},"inLanguage":"fr-FR","potentialAction":[{"@type":"ReadAction","target":["https:\/\/autate.fr\/site\/quelques-liens-utiles\/"]}]},{"@type":"BreadcrumbList","@id":"https:\/\/autate.fr\/site\/quelques-liens-utiles\/#breadcrumb","itemListElement":[{"@type":"ListItem","position":1,"name":"Accueil","item":"https:\/\/autate.fr\/site\/"},{"@type":"ListItem","position":2,"name":"Liens utiles"}]},{"@type":"WebSite","@id":"https:\/\/autate.fr\/site\/#website","url":"https:\/\/autate.fr\/site\/","name":"AUTATE","description":"Association des usagers des transports de l&#039;agglom\u00e9ration Toulousaine et de ses environs","publisher":{"@id":"https:\/\/autate.fr\/site\/#organization"},"potentialAction":[{"@type":"SearchAction","target":{"@type":"EntryPoint","urlTemplate":"https:\/\/autate.fr\/site\/?s={search_term_string}"},"query-input":{"@type":"PropertyValueSpecification","valueRequired":true,"valueName":"search_term_string"}}],"inLanguage":"fr-FR"},{"@type":"Organization","@id":"https:\/\/autate.fr\/site\/#organization","name":"AUTATE","url":"https:\/\/autate.fr\/site\/","logo":{"@type":"ImageObject","inLanguage":"fr-FR","@id":"https:\/\/autate.fr\/site\/#\/schema\/logo\/image\/","url":"http:\/\/autate.fr\/site\/wp-content\/uploads\/2019\/01\/logo.png","contentUrl":"http:\/\/autate.fr\/site\/wp-content\/uploads\/2019\/01\/logo.png","width":506,"height":280,"caption":"AUTATE"},"image":{"@id":"https:\/\/autate.fr\/site\/#\/schema\/logo\/image\/"},"sameAs":["https:\/\/www.facebook.com\/AutateToulouse","https:\/\/x.com\/AutateToulouse"]}]}},"_links":{"self":[{"href":"https:\/\/autate.fr\/site\/wp-json\/wp\/v2\/pages\/181","targetHints":{"allow":["GET"]}}],"collection":[{"href":"https:\/\/autate.fr\/site\/wp-json\/wp\/v2\/pages"}],"about":[{"href":"https:\/\/autate.fr\/site\/wp-json\/wp\/v2\/types\/page"}],"author":[{"embeddable":true,"href":"https:\/\/autate.fr\/site\/wp-json\/wp\/v2\/users\/1"}],"replies":[{"embeddable":true,"href":"https:\/\/autate.fr\/site\/wp-json\/wp\/v2\/comments?post=181"}],"version-history":[{"count":28,"href":"https:\/\/autate.fr\/site\/wp-json\/wp\/v2\/pages\/181\/revisions"}],"predecessor-version":[{"id":3959,"href":"https:\/\/autate.fr\/site\/wp-json\/wp\/v2\/pages\/181\/revisions\/3959"}],"wp:attachment":[{"href":"https:\/\/autate.fr\/site\/wp-json\/wp\/v2\/media?parent=181"}],"curies":[{"name":"wp","href":"https:\/\/api.w.org\/{rel}","templated":true}]}}